{"id":203,"date":"2014-10-03T14:27:57","date_gmt":"2014-10-03T05:27:57","guid":{"rendered":"https:\/\/www.musabi.ac.jp\/english\/?page_id=203"},"modified":"2025-12-01T15:05:29","modified_gmt":"2025-12-01T06:05:29","slug":"visiting","status":"publish","type":"page","link":"https:\/\/www.musabi.ac.jp\/english\/relation\/visiting\/","title":{"rendered":"Visiting Professors"},"content":{"rendered":"              <div class=\"intro\">\r\n                <p>As a part of the course of study, MAU invites specialists active in Japan and abroad in their respective fields, to give lectures and hold critiques as visiting professors. To date prominent artists and designers have conducted numerous lectures, critiques, open symposiums, etc., on a wide variety of topics.<br>The visiting professor program also encompasses theme-based workshops, and experiments in collaborative art making and critiques.<\/p>\r\n              <\/div>\r\n              <section class=\"index\">\r\n                <div class=\"heading\">\r\n                  <h2 class=\"heading__large\">Visiting Professors 2025<\/h2>\r\n                <\/div>\r\n\r\n                <div class=\"row index__row\">\r\n                  <div class=\"col-sm-12 col-md-12 col-lg-12 index__body\">\r\n                    <h4 class=\"index__heading\">\r\n                      Rony PLESL & Kl\u00e1ra HOR\u00c1\u010cKOV\u00c1<br>\r\n                      <span class=\"small\">Czech Republic \/ Professor, Academy of Arts, Architecture and Design in Prague<\/span>\r\n                    <\/h4>\r\n                    <dl class=\"horizontal horizontal_ratio1-3 group\">\r\n                      <dt>Period<\/dt>\r\n                      <dd>September 1st to 5th, 2025<\/dd>\r\n                    <\/dl>\r\n                  <\/div>\r\n                <\/div>\r\n                <div class=\"row index__row\">\r\n                  <div class=\"col-sm-12 col-md-12 col-lg-12 index__body\">\r\n                    <h4 class=\"index__heading\">\r\n                      David TOOP<br>\r\n                      <span class=\"small\">U.K. \/ Musician, Author, Curator, and Emeritus Professor at London College of Communication (LCC)<\/span>\r\n                    <\/h4>\r\n                    <dl class=\"horizontal horizontal_ratio1-3 group\">\r\n                      <dt>Period<\/dt>\r\n                      <dd>September 22nd to 27th, 2025<\/dd>\r\n                    <\/dl>\r\n                  <\/div>\r\n                <\/div>\r\n                <div class=\"row index__row\">\r\n                  <div class=\"col-sm-12 col-md-12 col-lg-12 index__body\">\r\n                    <h4 class=\"index__heading\">\r\n                      WANG Chao<br>\r\n                      <span class=\"small\">China \/ Deputy Dean and Professor at the School of Painting, China Academy of Art<\/span>\r\n                    <\/h4>\r\n                    <dl class=\"horizontal horizontal_ratio1-3 group\">\r\n                      <dt>Period<\/dt>\r\n                      <dd>October 6th to 11th, 2025<\/dd>\r\n                    <\/dl>\r\n                  <\/div>\r\n                <\/div>\r\n                <div class=\"row index__row\">\r\n                  <div class=\"col-sm-12 col-md-12 col-lg-12 index__body\">\r\n                    <h4 class=\"index__heading\">\r\n                      Judah ARMANI<br>\r\n                      <span class=\"small\">U.K. \/ Designer, Head of the Social Impact Lab at The Royal College of Art (RCA), Social designer in residence at Innovation RCA<\/span>\r\n                    <\/h4>\r\n                    <dl class=\"horizontal horizontal_ratio1-3 group\">\r\n                      <dt>Period<\/dt>\r\n                      <dd>October 13th to October 18th, 2025<\/dd>\r\n                    <\/dl>\r\n                  <\/div>\r\n                <\/div>\r\n                <div class=\"row index__row\">\r\n                  <div class=\"col-sm-12 col-md-12 col-lg-12 index__body\">\r\n                    <h4 class=\"index__heading\">\r\n                      Ian WOO<br>\r\n                      <span class=\"small\">Singapore \/ Artist, Professor, LASALLE College of the Arts<\/span>\r\n                    <\/h4>\r\n                    <dl class=\"horizontal horizontal_ratio1-3 group\">\r\n                      <dt>Period<\/dt>\r\n                      <dd>October 13th to October 18th, 2025<\/dd>\r\n                    <\/dl>\r\n                  <\/div>\r\n                <\/div>\r\n                <div class=\"row index__row\">\r\n                  <div class=\"col-sm-12 col-md-12 col-lg-12 index__body\">\r\n                    <h4 class=\"index__heading\">\r\n                      Marta Alonso YEBRA & Imanol Calderon ELOSEGUI<br>\r\n                      <span class=\"small\">Spain \/ Architect, Industrial Designer and Mayice Studio<\/span>\r\n                    <\/h4>\r\n                    <dl class=\"horizontal horizontal_ratio1-3 group\">\r\n                      <dt>Period<\/dt>\r\n                      <dd>November 5th to 10th, 2025<\/dd>\r\n                    <\/dl>\r\n                  <\/div>\r\n                <\/div>\r\n                <div class=\"row index__row\">\r\n                  <div class=\"col-sm-12 col-md-12 col-lg-12 index__body\">\r\n                    <h4 class=\"index__heading\">\r\n                      Ryoichi NIIMOTO<br>\r\n                      <span class=\"small\">U.S.A \/ Writer and Principal of Lyc\u00e9e Kennedy Japanese School<\/span>\r\n                    <\/h4>\r\n                    <dl class=\"horizontal horizontal_ratio1-3 group\">\r\n                      <dt>Period<\/dt>\r\n                      <dd>November 10th to 15th, 2025<\/dd>\r\n                    <\/dl>\r\n                  <\/div>\r\n                <\/div>\r\n\r\n              <\/section>\r\n              <nav>\n\t<div class=\"nav_relevance\">\n\t\t\t\t<h2 class=\"nav__heading\">Relevant page<\/h2>\n\t\t\t\t<div class=\"nav__body\">\n\t\t\t<ul>\n\t\t\t\t\t\t\t\t<li>\n\t\t\t\t\t\t\t\t\t\t<a href=\"https:\/\/www.musabi.ac.jp\/english\/relation\/visiting\/y2024\/\"><i class=\"glyphicon glyphicon-arrow_black_01\" aria-hidden=\"true\"><\/i>Visiting Professors 2024<\/a>\t\t\t\t<\/li>\n\t\t\t\t\t\t\t\t<li>\n\t\t\t\t\t\t\t\t\t\t<a href=\"https:\/\/www.musabi.ac.jp\/english\/relation\/visiting\/y2023\/\"><i class=\"glyphicon glyphicon-arrow_black_01\" aria-hidden=\"true\"><\/i>Visiting Professors 2023<\/a>\t\t\t\t<\/li>\n\t\t\t\t\t\t\t\t<li>\n\t\t\t\t\t\t\t\t\t\t<a href=\"https:\/\/www.musabi.ac.jp\/english\/relation\/visiting\/y2022\/\"><i class=\"glyphicon glyphicon-arrow_black_01\" aria-hidden=\"true\"><\/i>Visiting Professors 2022<\/a>\t\t\t\t<\/li>\n\t\t\t\t\t\t\t\t<li>\n\t\t\t\t\t\t\t\t\t\t<a href=\"https:\/\/www.musabi.ac.jp\/english\/relation\/visiting\/y2017\/\"><i class=\"glyphicon glyphicon-arrow_black_01\" aria-hidden=\"true\"><\/i>Visiting Professors 2017<\/a>\t\t\t\t<\/li>\n\t\t\t\t\t\t\t\t<li>\n\t\t\t\t\t\t\t\t\t\t<a href=\"https:\/\/www.musabi.ac.jp\/english\/relation\/visiting\/y2016\/\"><i class=\"glyphicon glyphicon-arrow_black_01\" aria-hidden=\"true\"><\/i>Visiting Professors 2016<\/a>\t\t\t\t<\/li>\n\t\t\t\t\t\t\t\t<li>\n\t\t\t\t\t\t\t\t\t\t<a href=\"https:\/\/www.musabi.ac.jp\/english\/relation\/visiting\/y2015\/\"><i class=\"glyphicon glyphicon-arrow_black_01\" aria-hidden=\"true\"><\/i>Visiting Professors 2015<\/a>\t\t\t\t<\/li>\n\t\t\t\t\t\t\t\t<li>\n\t\t\t\t\t\t\t\t\t\t<a href=\"https:\/\/www.musabi.ac.jp\/english\/relation\/visiting\/y2014\/\"><i class=\"glyphicon glyphicon-arrow_black_01\" aria-hidden=\"true\"><\/i>Visiting Professors 2014<\/a>\t\t\t\t<\/li>\n\t\t\t\t\t\t\t\t<li>\n\t\t\t\t\t\t\t\t\t\t<a href=\"https:\/\/www.musabi.ac.jp\/english\/relation\/visiting\/y2013\/\"><i class=\"glyphicon glyphicon-arrow_black_01\" aria-hidden=\"true\"><\/i>Visiting Professors 2013<\/a>\t\t\t\t<\/li>\n\t\t\t\t\t\t\t\t<li>\n\t\t\t\t\t\t\t\t\t\t<a href=\"https:\/\/www.musabi.ac.jp\/english\/relation\/visiting\/y2012\/\"><i class=\"glyphicon glyphicon-arrow_black_01\" aria-hidden=\"true\"><\/i>Visiting Professors 2012<\/a>\t\t\t\t<\/li>\n\t\t\t\t\t\t\t\t<li>\n\t\t\t\t\t\t\t\t\t\t<a href=\"https:\/\/www.musabi.ac.jp\/english\/relation\/visiting\/y2011\/\"><i class=\"glyphicon glyphicon-arrow_black_01\" aria-hidden=\"true\"><\/i>Visiting Professors 2011<\/a>\t\t\t\t<\/li>\n\t\t\t\t\t\t\t\t<li>\n\t\t\t\t\t\t\t\t\t\t<a href=\"https:\/\/www.musabi.ac.jp\/english\/relation\/visiting\/y2010\/\"><i class=\"glyphicon glyphicon-arrow_black_01\" aria-hidden=\"true\"><\/i>Visiting Professors 2010<\/a>\t\t\t\t<\/li>\n\t\t\t\t\t\t\t\t<li>\n\t\t\t\t\t\t\t\t\t\t<a href=\"https:\/\/www.musabi.ac.jp\/english\/relation\/visiting\/y2009\/\"><i class=\"glyphicon glyphicon-arrow_black_01\" aria-hidden=\"true\"><\/i>Visiting Professors 2009<\/a>\t\t\t\t<\/li>\n\t\t\t\t\t\t\t\t<li>\n\t\t\t\t\t\t\t\t\t\t<a href=\"https:\/\/www.musabi.ac.jp\/english\/relation\/visiting\/y2008\/\"><i class=\"glyphicon glyphicon-arrow_black_01\" aria-hidden=\"true\"><\/i>Visiting Professors 2008<\/a>\t\t\t\t<\/li>\n\t\t\t\t\t\t\t<\/ul>\n\t\t<\/div>\n\t<\/div>\n<\/nav>\n","protected":false},"excerpt":{"rendered":"As a part of the course of study, MAU invites specialists active in Japan and abroad in their respective fields, to give lectures and hold critiques as visiting professors. To date prominent artists and designers have conducted numerous lectures, critiques, open symposiums, etc., on a wide variety of topics.The visiting professor program also encompasses theme-based workshops, and experiments in collaborative art making and critiques. Visiting Professors 2025 Rony PLESL &#038; Kl\u00e1ra HOR\u00c1\u010cKOV\u00c1 Czech Republic \/ Professor, Academy of Arts, Architecture\u2026","protected":false},"author":2,"featured_media":0,"parent":190,"menu_order":91,"comment_status":"open","ping_status":"closed","template":"","meta":{"_expiration-date-status":"","_expiration-date":0,"_expiration-date-type":"","_expiration-date-categories":[],"_expiration-date-options":[]},"_links":{"self":[{"href":"https:\/\/www.musabi.ac.jp\/english\/wp-json\/wp\/v2\/pages\/203"}],"collection":[{"href":"https:\/\/www.musabi.ac.jp\/english\/wp-json\/wp\/v2\/pages"}],"about":[{"href":"https:\/\/www.musabi.ac.jp\/english\/wp-json\/wp\/v2\/types\/page"}],"author":[{"embeddable":true,"href":"https:\/\/www.musabi.ac.jp\/english\/wp-json\/wp\/v2\/users\/2"}],"replies":[{"embeddable":true,"href":"https:\/\/www.musabi.ac.jp\/english\/wp-json\/wp\/v2\/comments?post=203"}],"version-history":[{"count":25,"href":"https:\/\/www.musabi.ac.jp\/english\/wp-json\/wp\/v2\/pages\/203\/revisions"}],"predecessor-version":[{"id":16737,"href":"https:\/\/www.musabi.ac.jp\/english\/wp-json\/wp\/v2\/pages\/203\/revisions\/16737"}],"up":[{"embeddable":true,"href":"https:\/\/www.musabi.ac.jp\/english\/wp-json\/wp\/v2\/pages\/190"}],"wp:attachment":[{"href":"https:\/\/www.musabi.ac.jp\/english\/wp-json\/wp\/v2\/media?parent=203"}],"curies":[{"name":"wp","href":"https:\/\/api.w.org\/{rel}","templated":true}]}}